{"id":9210,"date":"2023-05-15T09:39:48","date_gmt":"2023-05-15T09:39:48","guid":{"rendered":"https:\/\/apipartlic.com\/?post_type=product&#038;p=9210"},"modified":"2026-02-18T21:24:25","modified_gmt":"2026-02-18T21:24:25","slug":"sedemzvezdna-dnevna-medena-carovnija","status":"publish","type":"product","link":"https:\/\/apipartlic.com\/en\/product\/sedemzvezdna-dnevna-medena-carovnija\/","title":{"rendered":"7 ZVEZDNA dnevna medena \u010darovnija &#8211; mazilo"},"content":{"rendered":"<p>SEDEM ZVEZDNA DNEVNA medena \u010darovnija je mazilo ki vsebuje 25% medenih sestavin iz SEDEM ZVEZDNE planetarno orientirane postavitve \u010debeljih dru\u017ein v \u010debelarstvu Apipartli\u010d. Zaradi sedem zvezdnih sestavin ima SEDEM ZVEZDNA\u00a0 DNEVNA MEDENA \u010cAROVNIJA, visoko vrednost \u017eivljenske energije, ki jo ponudi tudi na\u0161im telesom. Uporaba je priporo\u010dljiva podnevi, saj zaradi visoke \u017eivljenske energije deluje po\u017eivljajo\u010de in lahko moti spanec.\u00a0Mazilo iz sestavin, ki jih lahko tudi poje\u0161.<\/p>\n<p>Sestava mazila:<\/p>\n<ul>\n<li>olj\u010dno olje,<\/li>\n<li>son\u010dni\u010dno olje,<\/li>\n<li>macerat ognji\u010da, smilja, rmana, kamilic, di\u0161e\u010de vrtnice.,<\/li>\n<li>cvetni prah,<\/li>\n<li>SEDEM ZVEZDNI propolis iz Apipartli\u010d \u010debelarstva,<\/li>\n<li>SEDEM ZVEZDNI devi\u0161ki vosek iz Apipartli\u010d \u010debelarstva,<\/li>\n<li>SEDEM ZVEZDNI nesegreti med iz Apipartli\u010d \u010debelarstva.<\/li>\n<li>eteri\u010dno olje sivke,<\/li>\n<li>eteri\u010dno olje \u010dajevca.<\/li>\n<\/ul>\n<p>Narejeno z ljubeznijo za vse ki cenijo biodinamiko, biodinami\u010dno \u010debelarjenje. \u010cebelje sestavine so iz Apipartli\u010d \u010debelarstva, \u010debelice so doma na veliki biodinami\u010dni kmetiji Rimpertsweilerhof\u00a0 in na najinem vrtu kjer stoji planetarno orientirana \u010debelja sedmerokraka zvezda,\u00a0 v bli\u017eini Bodenskega jezera. S \u010debelicami delamo biodinami\u010dno, ne hranimo jih s sladkorjem, \u010debelji vosek je izklju\u010dno narava gradnja, ne dodajamo satnic, s \u010debelicami delamo tako, da je za njih \u010dimmanj stresno. Vse\u00a0 sestavine so ekolo\u0161ko oz. biodinami\u010dno pridelane.<\/p>\n<p>&nbsp;<\/p>\n","protected":false},"excerpt":{"rendered":"<p>SEDEM ZVEZDNA DNEVNA medena \u010darovnija je mazilo ki vsebuje 25% medenih sestavin iz SEDEM ZVEZDNE planetarno orientirane postavitve \u010debeljih dru\u017ein v \u010debelarstvu Apipartli\u010d. Zaradi sedem zvezdnih sestavin ima SEDEM ZVEZDNA\u00a0 DNEVNA MEDENA \u010cAROVNIJA, visoko vrednost \u017eivljenske energije, ki jo ponudi tudi na\u0161im telesom. Uporaba je priporo\u010dljiva podnevi, saj zaradi visoke \u017eivljenske energije deluje po\u017eivljajo\u010de in [&hellip;]<\/p>\n","protected":false},"featured_media":9826,"template":"","meta":{"_monsterinsights_skip_tracking":false,"_monsterinsights_sitenote_active":false,"_monsterinsights_sitenote_note":"","_monsterinsights_sitenote_category":0,"site-sidebar-layout":"default","site-content-layout":"default","ast-site-content-layout":"default","site-content-style":"default","site-sidebar-style":"default","ast-global-header-display":"","ast-banner-title-visibility":"","ast-main-header-display":"","ast-hfb-above-header-display":"","ast-hfb-below-header-display":"","ast-hfb-mobile-header-display":"","site-post-title":"","ast-breadcrumbs-content":"","ast-featured-img":"","footer-sml-layout":"","ast-disable-related-posts":"","theme-transparent-header-meta":"default","adv-header-id-meta":"","stick-header-meta":"","header-above-stick-meta":"","header-main-stick-meta":"","header-below-stick-meta":"","astra-migrate-meta-layouts":"set","ast-page-background-enabled":"default","ast-page-background-meta":{"desktop":{"background-color":"var(--ast-global-color-4)","background-image":"","background-repeat":"repeat","background-position":"center center","background-size":"auto","background-attachment":"scroll","background-type":"","background-media":"","overlay-type":"","overlay-color":"","overlay-opacity":"","overlay-gradient":""},"tablet":{"background-color":"","background-image":"","background-repeat":"repeat","background-position":"center center","background-size":"auto","background-attachment":"scroll","background-type":"","background-media":"","overlay-type":"","overlay-color":"","overlay-opacity":"","overlay-gradient":""},"mobile":{"background-color":"","background-image":"","background-repeat":"repeat","background-position":"center center","background-size":"auto","background-attachment":"scroll","background-type":"","background-media":"","overlay-type":"","overlay-color":"","overlay-opacity":"","overlay-gradient":""}},"ast-content-background-meta":{"desktop":{"background-color":"var(--ast-global-color-5)","background-image":"","background-repeat":"repeat","background-position":"center center","background-size":"auto","background-attachment":"scroll","background-type":"","background-media":"","overlay-type":"","overlay-color":"","overlay-opacity":"","overlay-gradient":""},"tablet":{"background-color":"var(--ast-global-color-5)","background-image":"","background-repeat":"repeat","background-position":"center center","background-size":"auto","background-attachment":"scroll","background-type":"","background-media":"","overlay-type":"","overlay-color":"","overlay-opacity":"","overlay-gradient":""},"mobile":{"background-color":"var(--ast-global-color-5)","background-image":"","background-repeat":"repeat","background-position":"center center","background-size":"auto","background-attachment":"scroll","background-type":"","background-media":"","overlay-type":"","overlay-color":"","overlay-opacity":"","overlay-gradient":""}}},"product_brand":[],"product_cat":[128,145,147,143,133,144,132],"product_tag":[],"class_list":{"0":"post-9210","1":"product","2":"type-product","3":"status-publish","4":"has-post-thumbnail","6":"product_cat-cebelji-izdelki","7":"product_cat-drugi-cebelji-izdelki","8":"product_cat-medene-carovnije-mazila","9":"product_cat-medene-mesanice-nesegreti-med","10":"product_cat-nesegreti-biodinamicni-med","11":"product_cat-sedem-zvezdne-medene-mesanice","12":"product_cat-sedem-zvezdni-med","13":"desktop-align-center","14":"tablet-align-left","15":"mobile-align-left","17":"first","18":"outofstock","19":"featured","20":"shipping-taxable","21":"product-type-simple"},"yoast_head":"<!-- This site is optimized with the Yoast SEO plugin v27.3 - https:\/\/yoast.com\/product\/yoast-seo-wordpress\/ -->\n<title>7 ZVEZDNA dnevna medena \u010darovnija - mazilo | Svet \u010debelic in umetnosti<\/title>\n<meta name=\"description\" content=\"Dnevna sedem zvezdna medena \u010darovnija, mazilo iz \u010debeljih izdelkov \u010debelarstva Apipartli\u010d, nesegreti med, biodinamika, devi\u0161ki vosek, propolis,\" \/>\n<meta name=\"robots\" content=\"index, follow, max-snippet:-1, max-image-preview:large, max-video-preview:-1\" \/>\n<link rel=\"canonical\" href=\"https:\/\/apipartlic.com\/en\/product\/sedemzvezdna-dnevna-medena-carovnija\/\" \/>\n<meta property=\"og:locale\" content=\"en_US\" \/>\n<meta property=\"og:type\" content=\"article\" \/>\n<meta property=\"og:title\" content=\"7 ZVEZDNA dnevna medena \u010darovnija - mazilo | Svet \u010debelic in umetnosti\" \/>\n<meta property=\"og:description\" content=\"Dnevna sedem zvezdna medena \u010darovnija, mazilo iz \u010debeljih izdelkov \u010debelarstva Apipartli\u010d, nesegreti med, biodinamika, devi\u0161ki vosek, propolis,\" \/>\n<meta property=\"og:url\" content=\"https:\/\/apipartlic.com\/en\/product\/sedemzvezdna-dnevna-medena-carovnija\/\" \/>\n<meta property=\"og:site_name\" content=\"Svet \u010debelic in umetnosti\" \/>\n<meta property=\"article:publisher\" content=\"https:\/\/www.facebook.com\/branka.partlic\" \/>\n<meta property=\"article:modified_time\" content=\"2026-02-18T21:24:25+00:00\" \/>\n<meta property=\"og:image\" content=\"https:\/\/apipartlic.com\/wp-content\/uploads\/2023\/05\/7-stern-dnevna-medena-carovnija.png\" \/>\n\t<meta property=\"og:image:width\" content=\"1019\" \/>\n\t<meta property=\"og:image:height\" content=\"1000\" \/>\n\t<meta property=\"og:image:type\" content=\"image\/png\" \/>\n<meta name=\"twitter:card\" content=\"summary_large_image\" \/>\n<script type=\"application\/ld+json\" class=\"yoast-schema-graph\">{\"@context\":\"https:\\\/\\\/schema.org\",\"@graph\":[{\"@type\":\"WebPage\",\"@id\":\"https:\\\/\\\/apipartlic.com\\\/en\\\/product\\\/sedemzvezdna-dnevna-medena-carovnija\\\/\",\"url\":\"https:\\\/\\\/apipartlic.com\\\/en\\\/product\\\/sedemzvezdna-dnevna-medena-carovnija\\\/\",\"name\":\"7 ZVEZDNA dnevna medena \u010darovnija - mazilo | Svet \u010debelic in umetnosti\",\"isPartOf\":{\"@id\":\"https:\\\/\\\/apipartlic.com\\\/en\\\/#website\"},\"primaryImageOfPage\":{\"@id\":\"https:\\\/\\\/apipartlic.com\\\/en\\\/product\\\/sedemzvezdna-dnevna-medena-carovnija\\\/#primaryimage\"},\"image\":{\"@id\":\"https:\\\/\\\/apipartlic.com\\\/en\\\/product\\\/sedemzvezdna-dnevna-medena-carovnija\\\/#primaryimage\"},\"thumbnailUrl\":\"https:\\\/\\\/apipartlic.com\\\/wp-content\\\/uploads\\\/2023\\\/05\\\/7-stern-dnevna-medena-carovnija.png\",\"datePublished\":\"2023-05-15T09:39:48+00:00\",\"dateModified\":\"2026-02-18T21:24:25+00:00\",\"description\":\"Dnevna sedem zvezdna medena \u010darovnija, mazilo iz \u010debeljih izdelkov \u010debelarstva Apipartli\u010d, nesegreti med, biodinamika, devi\u0161ki vosek, propolis,\",\"breadcrumb\":{\"@id\":\"https:\\\/\\\/apipartlic.com\\\/en\\\/product\\\/sedemzvezdna-dnevna-medena-carovnija\\\/#breadcrumb\"},\"inLanguage\":\"en-US\",\"potentialAction\":[{\"@type\":\"ReadAction\",\"target\":[\"https:\\\/\\\/apipartlic.com\\\/en\\\/product\\\/sedemzvezdna-dnevna-medena-carovnija\\\/\"]}]},{\"@type\":\"ImageObject\",\"inLanguage\":\"en-US\",\"@id\":\"https:\\\/\\\/apipartlic.com\\\/en\\\/product\\\/sedemzvezdna-dnevna-medena-carovnija\\\/#primaryimage\",\"url\":\"https:\\\/\\\/apipartlic.com\\\/wp-content\\\/uploads\\\/2023\\\/05\\\/7-stern-dnevna-medena-carovnija.png\",\"contentUrl\":\"https:\\\/\\\/apipartlic.com\\\/wp-content\\\/uploads\\\/2023\\\/05\\\/7-stern-dnevna-medena-carovnija.png\",\"width\":1019,\"height\":1000,\"caption\":\"sedem zvezdna dnevna medena \u010darovnija - mazilo\"},{\"@type\":\"BreadcrumbList\",\"@id\":\"https:\\\/\\\/apipartlic.com\\\/en\\\/product\\\/sedemzvezdna-dnevna-medena-carovnija\\\/#breadcrumb\",\"itemListElement\":[{\"@type\":\"ListItem\",\"position\":1,\"name\":\"Domov\",\"item\":\"https:\\\/\\\/apipartlic.com\\\/en\\\/\"},{\"@type\":\"ListItem\",\"position\":2,\"name\":\"Shop\",\"item\":\"https:\\\/\\\/apipartlic.com\\\/en\\\/shop\\\/\"},{\"@type\":\"ListItem\",\"position\":3,\"name\":\"7 ZVEZDNA dnevna medena \u010darovnija &#8211; mazilo\"}]},{\"@type\":\"WebSite\",\"@id\":\"https:\\\/\\\/apipartlic.com\\\/en\\\/#website\",\"url\":\"https:\\\/\\\/apipartlic.com\\\/en\\\/\",\"name\":\"api partlic\",\"description\":\"sedmerokraka zvezda\",\"publisher\":{\"@id\":\"https:\\\/\\\/apipartlic.com\\\/en\\\/#organization\"},\"alternateName\":\"\u010debelarstvo in slikarstvo\",\"potentialAction\":[{\"@type\":\"SearchAction\",\"target\":{\"@type\":\"EntryPoint\",\"urlTemplate\":\"https:\\\/\\\/apipartlic.com\\\/en\\\/?s={search_term_string}\"},\"query-input\":{\"@type\":\"PropertyValueSpecification\",\"valueRequired\":true,\"valueName\":\"search_term_string\"}}],\"inLanguage\":\"en-US\"},{\"@type\":\"Organization\",\"@id\":\"https:\\\/\\\/apipartlic.com\\\/en\\\/#organization\",\"name\":\"api partlic\",\"url\":\"https:\\\/\\\/apipartlic.com\\\/en\\\/\",\"logo\":{\"@type\":\"ImageObject\",\"inLanguage\":\"en-US\",\"@id\":\"https:\\\/\\\/apipartlic.com\\\/en\\\/#\\\/schema\\\/logo\\\/image\\\/\",\"url\":\"https:\\\/\\\/apipartlic.com\\\/wp-content\\\/uploads\\\/2023\\\/03\\\/Logo-8.3.2023-1.png\",\"contentUrl\":\"https:\\\/\\\/apipartlic.com\\\/wp-content\\\/uploads\\\/2023\\\/03\\\/Logo-8.3.2023-1.png\",\"width\":440,\"height\":154,\"caption\":\"api partlic\"},\"image\":{\"@id\":\"https:\\\/\\\/apipartlic.com\\\/en\\\/#\\\/schema\\\/logo\\\/image\\\/\"},\"sameAs\":[\"https:\\\/\\\/www.facebook.com\\\/branka.partlic\",\"https:\\\/\\\/www.facebook.com\\\/zlatko.partlic\"]}]}<\/script>\n<!-- \/ Yoast SEO plugin. -->","yoast_head_json":{"title":"7 ZVEZDNA dnevna medena \u010darovnija - mazilo | Svet \u010debelic in umetnosti","description":"Dnevna sedem zvezdna medena \u010darovnija, mazilo iz \u010debeljih izdelkov \u010debelarstva Apipartli\u010d, nesegreti med, biodinamika, devi\u0161ki vosek, propolis,","robots":{"index":"index","follow":"follow","max-snippet":"max-snippet:-1","max-image-preview":"max-image-preview:large","max-video-preview":"max-video-preview:-1"},"canonical":"https:\/\/apipartlic.com\/en\/product\/sedemzvezdna-dnevna-medena-carovnija\/","og_locale":"en_US","og_type":"article","og_title":"7 ZVEZDNA dnevna medena \u010darovnija - mazilo | Svet \u010debelic in umetnosti","og_description":"Dnevna sedem zvezdna medena \u010darovnija, mazilo iz \u010debeljih izdelkov \u010debelarstva Apipartli\u010d, nesegreti med, biodinamika, devi\u0161ki vosek, propolis,","og_url":"https:\/\/apipartlic.com\/en\/product\/sedemzvezdna-dnevna-medena-carovnija\/","og_site_name":"Svet \u010debelic in umetnosti","article_publisher":"https:\/\/www.facebook.com\/branka.partlic","article_modified_time":"2026-02-18T21:24:25+00:00","og_image":[{"width":1019,"height":1000,"url":"https:\/\/apipartlic.com\/wp-content\/uploads\/2023\/05\/7-stern-dnevna-medena-carovnija.png","type":"image\/png"}],"twitter_card":"summary_large_image","schema":{"@context":"https:\/\/schema.org","@graph":[{"@type":"WebPage","@id":"https:\/\/apipartlic.com\/en\/product\/sedemzvezdna-dnevna-medena-carovnija\/","url":"https:\/\/apipartlic.com\/en\/product\/sedemzvezdna-dnevna-medena-carovnija\/","name":"7 ZVEZDNA dnevna medena \u010darovnija - mazilo | Svet \u010debelic in umetnosti","isPartOf":{"@id":"https:\/\/apipartlic.com\/en\/#website"},"primaryImageOfPage":{"@id":"https:\/\/apipartlic.com\/en\/product\/sedemzvezdna-dnevna-medena-carovnija\/#primaryimage"},"image":{"@id":"https:\/\/apipartlic.com\/en\/product\/sedemzvezdna-dnevna-medena-carovnija\/#primaryimage"},"thumbnailUrl":"https:\/\/apipartlic.com\/wp-content\/uploads\/2023\/05\/7-stern-dnevna-medena-carovnija.png","datePublished":"2023-05-15T09:39:48+00:00","dateModified":"2026-02-18T21:24:25+00:00","description":"Dnevna sedem zvezdna medena \u010darovnija, mazilo iz \u010debeljih izdelkov \u010debelarstva Apipartli\u010d, nesegreti med, biodinamika, devi\u0161ki vosek, propolis,","breadcrumb":{"@id":"https:\/\/apipartlic.com\/en\/product\/sedemzvezdna-dnevna-medena-carovnija\/#breadcrumb"},"inLanguage":"en-US","potentialAction":[{"@type":"ReadAction","target":["https:\/\/apipartlic.com\/en\/product\/sedemzvezdna-dnevna-medena-carovnija\/"]}]},{"@type":"ImageObject","inLanguage":"en-US","@id":"https:\/\/apipartlic.com\/en\/product\/sedemzvezdna-dnevna-medena-carovnija\/#primaryimage","url":"https:\/\/apipartlic.com\/wp-content\/uploads\/2023\/05\/7-stern-dnevna-medena-carovnija.png","contentUrl":"https:\/\/apipartlic.com\/wp-content\/uploads\/2023\/05\/7-stern-dnevna-medena-carovnija.png","width":1019,"height":1000,"caption":"sedem zvezdna dnevna medena \u010darovnija - mazilo"},{"@type":"BreadcrumbList","@id":"https:\/\/apipartlic.com\/en\/product\/sedemzvezdna-dnevna-medena-carovnija\/#breadcrumb","itemListElement":[{"@type":"ListItem","position":1,"name":"Domov","item":"https:\/\/apipartlic.com\/en\/"},{"@type":"ListItem","position":2,"name":"Shop","item":"https:\/\/apipartlic.com\/en\/shop\/"},{"@type":"ListItem","position":3,"name":"7 ZVEZDNA dnevna medena \u010darovnija &#8211; mazilo"}]},{"@type":"WebSite","@id":"https:\/\/apipartlic.com\/en\/#website","url":"https:\/\/apipartlic.com\/en\/","name":"api partlic","description":"sedmerokraka zvezda","publisher":{"@id":"https:\/\/apipartlic.com\/en\/#organization"},"alternateName":"\u010debelarstvo in slikarstvo","potentialAction":[{"@type":"SearchAction","target":{"@type":"EntryPoint","urlTemplate":"https:\/\/apipartlic.com\/en\/?s={search_term_string}"},"query-input":{"@type":"PropertyValueSpecification","valueRequired":true,"valueName":"search_term_string"}}],"inLanguage":"en-US"},{"@type":"Organization","@id":"https:\/\/apipartlic.com\/en\/#organization","name":"api partlic","url":"https:\/\/apipartlic.com\/en\/","logo":{"@type":"ImageObject","inLanguage":"en-US","@id":"https:\/\/apipartlic.com\/en\/#\/schema\/logo\/image\/","url":"https:\/\/apipartlic.com\/wp-content\/uploads\/2023\/03\/Logo-8.3.2023-1.png","contentUrl":"https:\/\/apipartlic.com\/wp-content\/uploads\/2023\/03\/Logo-8.3.2023-1.png","width":440,"height":154,"caption":"api partlic"},"image":{"@id":"https:\/\/apipartlic.com\/en\/#\/schema\/logo\/image\/"},"sameAs":["https:\/\/www.facebook.com\/branka.partlic","https:\/\/www.facebook.com\/zlatko.partlic"]}]}},"_links":{"self":[{"href":"https:\/\/apipartlic.com\/en\/wp-json\/wp\/v2\/product\/9210","targetHints":{"allow":["GET"]}}],"collection":[{"href":"https:\/\/apipartlic.com\/en\/wp-json\/wp\/v2\/product"}],"about":[{"href":"https:\/\/apipartlic.com\/en\/wp-json\/wp\/v2\/types\/product"}],"wp:featuredmedia":[{"embeddable":true,"href":"https:\/\/apipartlic.com\/en\/wp-json\/wp\/v2\/media\/9826"}],"wp:attachment":[{"href":"https:\/\/apipartlic.com\/en\/wp-json\/wp\/v2\/media?parent=9210"}],"wp:term":[{"taxonomy":"product_brand","embeddable":true,"href":"https:\/\/apipartlic.com\/en\/wp-json\/wp\/v2\/product_brand?post=9210"},{"taxonomy":"product_cat","embeddable":true,"href":"https:\/\/apipartlic.com\/en\/wp-json\/wp\/v2\/product_cat?post=9210"},{"taxonomy":"product_tag","embeddable":true,"href":"https:\/\/apipartlic.com\/en\/wp-json\/wp\/v2\/product_tag?post=9210"}],"curies":[{"name":"wp","href":"https:\/\/api.w.org\/{rel}","templated":true}]}}