{"id":13721,"date":"2024-08-15T13:54:56","date_gmt":"2024-08-15T13:54:56","guid":{"rendered":"https:\/\/apipartlic.com\/?post_type=product&#038;p=13721"},"modified":"2025-06-13T00:27:19","modified_gmt":"2025-06-13T00:27:19","slug":"biodinamicna-cebelarska-druzina-spletno-clanstvo","status":"publish","type":"product","link":"https:\/\/apipartlic.com\/en\/product\/biodinamicna-cebelarska-druzina-spletno-clanstvo\/","title":{"rendered":"Biodinami\u010dna \u010debelarska dru\u017eina &#8211; spletno \u010dlanstvo"},"content":{"rendered":"<p>Vrata\u00a0 biodinami\u010dne \u010debelarske dru\u017eine so trenutno odprta. V \u010debelarsko dru\u017eino ste vabljeni vsi ki ste opravili za\u010detni te\u010daj biodinami\u010dnega \u010debelarjenja,<\/p>\n<p>oz. \u017ee imate prakti\u010dne izku\u0161nje iz biodinami\u010dnega \u010debelarjenja, vendar potrebujete podporo in poglobitev znanja.<\/p>\n<p>&nbsp;<\/p>\n<p>*<\/p>\n","protected":false},"excerpt":{"rendered":"<p>Vrata\u00a0 biodinami\u010dne \u010debelarske dru\u017eine so trenutno odprta. V \u010debelarsko dru\u017eino ste vabljeni vsi ki ste opravili za\u010detni te\u010daj biodinami\u010dnega \u010debelarjenja, oz. \u017ee imate prakti\u010dne izku\u0161nje iz biodinami\u010dnega \u010debelarjenja, vendar potrebujete podporo in poglobitev znanja. &nbsp; *<\/p>\n","protected":false},"featured_media":12408,"template":"","meta":{"_monsterinsights_skip_tracking":false,"_monsterinsights_sitenote_active":false,"_monsterinsights_sitenote_note":"","_monsterinsights_sitenote_category":0,"site-sidebar-layout":"default","site-content-layout":"","ast-site-content-layout":"default","site-content-style":"default","site-sidebar-style":"default","ast-global-header-display":"","ast-banner-title-visibility":"","ast-main-header-display":"","ast-hfb-above-header-display":"","ast-hfb-below-header-display":"","ast-hfb-mobile-header-display":"","site-post-title":"","ast-breadcrumbs-content":"","ast-featured-img":"","footer-sml-layout":"","ast-disable-related-posts":"","theme-transparent-header-meta":"default","adv-header-id-meta":"","stick-header-meta":"","header-above-stick-meta":"","header-main-stick-meta":"","header-below-stick-meta":"","astra-migrate-meta-layouts":"set","ast-page-background-enabled":"default","ast-page-background-meta":{"desktop":{"background-color":"var(--ast-global-color-4)","background-image":"","background-repeat":"repeat","background-position":"center center","background-size":"auto","background-attachment":"scroll","background-type":"","background-media":"","overlay-type":"","overlay-color":"","overlay-opacity":"","overlay-gradient":""},"tablet":{"background-color":"","background-image":"","background-repeat":"repeat","background-position":"center center","background-size":"auto","background-attachment":"scroll","background-type":"","background-media":"","overlay-type":"","overlay-color":"","overlay-opacity":"","overlay-gradient":""},"mobile":{"background-color":"","background-image":"","background-repeat":"repeat","background-position":"center center","background-size":"auto","background-attachment":"scroll","background-type":"","background-media":"","overlay-type":"","overlay-color":"","overlay-opacity":"","overlay-gradient":""}},"ast-content-background-meta":{"desktop":{"background-color":"var(--ast-global-color-5)","background-image":"","background-repeat":"repeat","background-position":"center center","background-size":"auto","background-attachment":"scroll","background-type":"","background-media":"","overlay-type":"","overlay-color":"","overlay-opacity":"","overlay-gradient":""},"tablet":{"background-color":"var(--ast-global-color-5)","background-image":"","background-repeat":"repeat","background-position":"center center","background-size":"auto","background-attachment":"scroll","background-type":"","background-media":"","overlay-type":"","overlay-color":"","overlay-opacity":"","overlay-gradient":""},"mobile":{"background-color":"var(--ast-global-color-5)","background-image":"","background-repeat":"repeat","background-position":"center center","background-size":"auto","background-attachment":"scroll","background-type":"","background-media":"","overlay-type":"","overlay-color":"","overlay-opacity":"","overlay-gradient":""}}},"product_brand":[],"product_cat":[341],"product_tag":[],"class_list":{"0":"post-13721","1":"product","2":"type-product","3":"status-publish","4":"has-post-thumbnail","6":"product_cat-izobrazevanje","7":"desktop-align-center","8":"tablet-align-left","9":"mobile-align-left","11":"first","12":"instock","13":"virtual","14":"sold-individually","15":"purchasable","16":"product-type-course"},"yoast_head":"<!-- This site is optimized with the Yoast SEO plugin v27.3 - https:\/\/yoast.com\/product\/yoast-seo-wordpress\/ -->\n<title>Biodinami\u010dna \u010debelarska dru\u017eina - spletno \u010dlanstvo | Svet \u010debelic in umetnosti<\/title>\n<meta name=\"description\" content=\"Biodinami\u010dna \u010debelarska dru\u017eina, spletno \u010dlanstvo, nesegreti med, biodinamika, Rudolf steiner, nadaljevanje za\u010detnega te\u010daja biodinami\u010dnega \u010debelarjenja\" \/>\n<meta name=\"robots\" content=\"index, follow, max-snippet:-1, max-image-preview:large, max-video-preview:-1\" \/>\n<link rel=\"canonical\" href=\"https:\/\/apipartlic.com\/en\/product\/biodinamicna-cebelarska-druzina-spletno-clanstvo\/\" \/>\n<meta property=\"og:locale\" content=\"en_US\" \/>\n<meta property=\"og:type\" content=\"article\" \/>\n<meta property=\"og:title\" content=\"Biodinami\u010dna \u010debelarska dru\u017eina - spletno \u010dlanstvo | Svet \u010debelic in umetnosti\" \/>\n<meta property=\"og:description\" content=\"Biodinami\u010dna \u010debelarska dru\u017eina, spletno \u010dlanstvo, nesegreti med, biodinamika, Rudolf steiner, nadaljevanje za\u010detnega te\u010daja biodinami\u010dnega \u010debelarjenja\" \/>\n<meta property=\"og:url\" content=\"https:\/\/apipartlic.com\/en\/product\/biodinamicna-cebelarska-druzina-spletno-clanstvo\/\" \/>\n<meta property=\"og:site_name\" content=\"Svet \u010debelic in umetnosti\" \/>\n<meta property=\"article:publisher\" content=\"https:\/\/www.facebook.com\/branka.partlic\" \/>\n<meta property=\"article:modified_time\" content=\"2025-06-13T00:27:19+00:00\" \/>\n<meta property=\"og:image\" content=\"https:\/\/apipartlic.com\/wp-content\/uploads\/2023\/12\/naslovna-slika-za-pristajalno-stran-1024x410.png\" \/>\n\t<meta property=\"og:image:width\" content=\"1024\" \/>\n\t<meta property=\"og:image:height\" content=\"410\" \/>\n\t<meta property=\"og:image:type\" content=\"image\/png\" \/>\n<meta name=\"twitter:card\" content=\"summary_large_image\" \/>\n<script type=\"application\/ld+json\" class=\"yoast-schema-graph\">{\"@context\":\"https:\\\/\\\/schema.org\",\"@graph\":[{\"@type\":\"WebPage\",\"@id\":\"https:\\\/\\\/apipartlic.com\\\/en\\\/product\\\/biodinamicna-cebelarska-druzina-spletno-clanstvo\\\/\",\"url\":\"https:\\\/\\\/apipartlic.com\\\/en\\\/product\\\/biodinamicna-cebelarska-druzina-spletno-clanstvo\\\/\",\"name\":\"Biodinami\u010dna \u010debelarska dru\u017eina - spletno \u010dlanstvo | Svet \u010debelic in umetnosti\",\"isPartOf\":{\"@id\":\"https:\\\/\\\/apipartlic.com\\\/en\\\/#website\"},\"primaryImageOfPage\":{\"@id\":\"https:\\\/\\\/apipartlic.com\\\/en\\\/product\\\/biodinamicna-cebelarska-druzina-spletno-clanstvo\\\/#primaryimage\"},\"image\":{\"@id\":\"https:\\\/\\\/apipartlic.com\\\/en\\\/product\\\/biodinamicna-cebelarska-druzina-spletno-clanstvo\\\/#primaryimage\"},\"thumbnailUrl\":\"https:\\\/\\\/apipartlic.com\\\/wp-content\\\/uploads\\\/2023\\\/12\\\/naslovna-slika-za-pristajalno-stran.png\",\"datePublished\":\"2024-08-15T13:54:56+00:00\",\"dateModified\":\"2025-06-13T00:27:19+00:00\",\"description\":\"Biodinami\u010dna \u010debelarska dru\u017eina, spletno \u010dlanstvo, nesegreti med, biodinamika, Rudolf steiner, nadaljevanje za\u010detnega te\u010daja biodinami\u010dnega \u010debelarjenja\",\"breadcrumb\":{\"@id\":\"https:\\\/\\\/apipartlic.com\\\/en\\\/product\\\/biodinamicna-cebelarska-druzina-spletno-clanstvo\\\/#breadcrumb\"},\"inLanguage\":\"en-US\",\"potentialAction\":[{\"@type\":\"ReadAction\",\"target\":[\"https:\\\/\\\/apipartlic.com\\\/en\\\/product\\\/biodinamicna-cebelarska-druzina-spletno-clanstvo\\\/\"]}]},{\"@type\":\"ImageObject\",\"inLanguage\":\"en-US\",\"@id\":\"https:\\\/\\\/apipartlic.com\\\/en\\\/product\\\/biodinamicna-cebelarska-druzina-spletno-clanstvo\\\/#primaryimage\",\"url\":\"https:\\\/\\\/apipartlic.com\\\/wp-content\\\/uploads\\\/2023\\\/12\\\/naslovna-slika-za-pristajalno-stran.png\",\"contentUrl\":\"https:\\\/\\\/apipartlic.com\\\/wp-content\\\/uploads\\\/2023\\\/12\\\/naslovna-slika-za-pristajalno-stran.png\",\"width\":2000,\"height\":800,\"caption\":\"Biodinami\u010dna \u010debelarska dru\u017eina\"},{\"@type\":\"BreadcrumbList\",\"@id\":\"https:\\\/\\\/apipartlic.com\\\/en\\\/product\\\/biodinamicna-cebelarska-druzina-spletno-clanstvo\\\/#breadcrumb\",\"itemListElement\":[{\"@type\":\"ListItem\",\"position\":1,\"name\":\"Domov\",\"item\":\"https:\\\/\\\/apipartlic.com\\\/en\\\/\"},{\"@type\":\"ListItem\",\"position\":2,\"name\":\"Shop\",\"item\":\"https:\\\/\\\/apipartlic.com\\\/en\\\/shop\\\/\"},{\"@type\":\"ListItem\",\"position\":3,\"name\":\"Biodinami\u010dna \u010debelarska dru\u017eina &#8211; spletno \u010dlanstvo\"}]},{\"@type\":\"WebSite\",\"@id\":\"https:\\\/\\\/apipartlic.com\\\/en\\\/#website\",\"url\":\"https:\\\/\\\/apipartlic.com\\\/en\\\/\",\"name\":\"api partlic\",\"description\":\"sedmerokraka zvezda\",\"publisher\":{\"@id\":\"https:\\\/\\\/apipartlic.com\\\/en\\\/#organization\"},\"alternateName\":\"\u010debelarstvo in slikarstvo\",\"potentialAction\":[{\"@type\":\"SearchAction\",\"target\":{\"@type\":\"EntryPoint\",\"urlTemplate\":\"https:\\\/\\\/apipartlic.com\\\/en\\\/?s={search_term_string}\"},\"query-input\":{\"@type\":\"PropertyValueSpecification\",\"valueRequired\":true,\"valueName\":\"search_term_string\"}}],\"inLanguage\":\"en-US\"},{\"@type\":\"Organization\",\"@id\":\"https:\\\/\\\/apipartlic.com\\\/en\\\/#organization\",\"name\":\"api partlic\",\"url\":\"https:\\\/\\\/apipartlic.com\\\/en\\\/\",\"logo\":{\"@type\":\"ImageObject\",\"inLanguage\":\"en-US\",\"@id\":\"https:\\\/\\\/apipartlic.com\\\/en\\\/#\\\/schema\\\/logo\\\/image\\\/\",\"url\":\"https:\\\/\\\/apipartlic.com\\\/wp-content\\\/uploads\\\/2023\\\/03\\\/Logo-8.3.2023-1.png\",\"contentUrl\":\"https:\\\/\\\/apipartlic.com\\\/wp-content\\\/uploads\\\/2023\\\/03\\\/Logo-8.3.2023-1.png\",\"width\":440,\"height\":154,\"caption\":\"api partlic\"},\"image\":{\"@id\":\"https:\\\/\\\/apipartlic.com\\\/en\\\/#\\\/schema\\\/logo\\\/image\\\/\"},\"sameAs\":[\"https:\\\/\\\/www.facebook.com\\\/branka.partlic\",\"https:\\\/\\\/www.facebook.com\\\/zlatko.partlic\"]}]}<\/script>\n<!-- \/ Yoast SEO plugin. -->","yoast_head_json":{"title":"Biodinami\u010dna \u010debelarska dru\u017eina - spletno \u010dlanstvo | Svet \u010debelic in umetnosti","description":"Biodinami\u010dna \u010debelarska dru\u017eina, spletno \u010dlanstvo, nesegreti med, biodinamika, Rudolf steiner, nadaljevanje za\u010detnega te\u010daja biodinami\u010dnega \u010debelarjenja","robots":{"index":"index","follow":"follow","max-snippet":"max-snippet:-1","max-image-preview":"max-image-preview:large","max-video-preview":"max-video-preview:-1"},"canonical":"https:\/\/apipartlic.com\/en\/product\/biodinamicna-cebelarska-druzina-spletno-clanstvo\/","og_locale":"en_US","og_type":"article","og_title":"Biodinami\u010dna \u010debelarska dru\u017eina - spletno \u010dlanstvo | Svet \u010debelic in umetnosti","og_description":"Biodinami\u010dna \u010debelarska dru\u017eina, spletno \u010dlanstvo, nesegreti med, biodinamika, Rudolf steiner, nadaljevanje za\u010detnega te\u010daja biodinami\u010dnega \u010debelarjenja","og_url":"https:\/\/apipartlic.com\/en\/product\/biodinamicna-cebelarska-druzina-spletno-clanstvo\/","og_site_name":"Svet \u010debelic in umetnosti","article_publisher":"https:\/\/www.facebook.com\/branka.partlic","article_modified_time":"2025-06-13T00:27:19+00:00","og_image":[{"width":1024,"height":410,"url":"https:\/\/apipartlic.com\/wp-content\/uploads\/2023\/12\/naslovna-slika-za-pristajalno-stran-1024x410.png","type":"image\/png"}],"twitter_card":"summary_large_image","schema":{"@context":"https:\/\/schema.org","@graph":[{"@type":"WebPage","@id":"https:\/\/apipartlic.com\/en\/product\/biodinamicna-cebelarska-druzina-spletno-clanstvo\/","url":"https:\/\/apipartlic.com\/en\/product\/biodinamicna-cebelarska-druzina-spletno-clanstvo\/","name":"Biodinami\u010dna \u010debelarska dru\u017eina - spletno \u010dlanstvo | Svet \u010debelic in umetnosti","isPartOf":{"@id":"https:\/\/apipartlic.com\/en\/#website"},"primaryImageOfPage":{"@id":"https:\/\/apipartlic.com\/en\/product\/biodinamicna-cebelarska-druzina-spletno-clanstvo\/#primaryimage"},"image":{"@id":"https:\/\/apipartlic.com\/en\/product\/biodinamicna-cebelarska-druzina-spletno-clanstvo\/#primaryimage"},"thumbnailUrl":"https:\/\/apipartlic.com\/wp-content\/uploads\/2023\/12\/naslovna-slika-za-pristajalno-stran.png","datePublished":"2024-08-15T13:54:56+00:00","dateModified":"2025-06-13T00:27:19+00:00","description":"Biodinami\u010dna \u010debelarska dru\u017eina, spletno \u010dlanstvo, nesegreti med, biodinamika, Rudolf steiner, nadaljevanje za\u010detnega te\u010daja biodinami\u010dnega \u010debelarjenja","breadcrumb":{"@id":"https:\/\/apipartlic.com\/en\/product\/biodinamicna-cebelarska-druzina-spletno-clanstvo\/#breadcrumb"},"inLanguage":"en-US","potentialAction":[{"@type":"ReadAction","target":["https:\/\/apipartlic.com\/en\/product\/biodinamicna-cebelarska-druzina-spletno-clanstvo\/"]}]},{"@type":"ImageObject","inLanguage":"en-US","@id":"https:\/\/apipartlic.com\/en\/product\/biodinamicna-cebelarska-druzina-spletno-clanstvo\/#primaryimage","url":"https:\/\/apipartlic.com\/wp-content\/uploads\/2023\/12\/naslovna-slika-za-pristajalno-stran.png","contentUrl":"https:\/\/apipartlic.com\/wp-content\/uploads\/2023\/12\/naslovna-slika-za-pristajalno-stran.png","width":2000,"height":800,"caption":"Biodinami\u010dna \u010debelarska dru\u017eina"},{"@type":"BreadcrumbList","@id":"https:\/\/apipartlic.com\/en\/product\/biodinamicna-cebelarska-druzina-spletno-clanstvo\/#breadcrumb","itemListElement":[{"@type":"ListItem","position":1,"name":"Domov","item":"https:\/\/apipartlic.com\/en\/"},{"@type":"ListItem","position":2,"name":"Shop","item":"https:\/\/apipartlic.com\/en\/shop\/"},{"@type":"ListItem","position":3,"name":"Biodinami\u010dna \u010debelarska dru\u017eina &#8211; spletno \u010dlanstvo"}]},{"@type":"WebSite","@id":"https:\/\/apipartlic.com\/en\/#website","url":"https:\/\/apipartlic.com\/en\/","name":"api partlic","description":"sedmerokraka zvezda","publisher":{"@id":"https:\/\/apipartlic.com\/en\/#organization"},"alternateName":"\u010debelarstvo in slikarstvo","potentialAction":[{"@type":"SearchAction","target":{"@type":"EntryPoint","urlTemplate":"https:\/\/apipartlic.com\/en\/?s={search_term_string}"},"query-input":{"@type":"PropertyValueSpecification","valueRequired":true,"valueName":"search_term_string"}}],"inLanguage":"en-US"},{"@type":"Organization","@id":"https:\/\/apipartlic.com\/en\/#organization","name":"api partlic","url":"https:\/\/apipartlic.com\/en\/","logo":{"@type":"ImageObject","inLanguage":"en-US","@id":"https:\/\/apipartlic.com\/en\/#\/schema\/logo\/image\/","url":"https:\/\/apipartlic.com\/wp-content\/uploads\/2023\/03\/Logo-8.3.2023-1.png","contentUrl":"https:\/\/apipartlic.com\/wp-content\/uploads\/2023\/03\/Logo-8.3.2023-1.png","width":440,"height":154,"caption":"api partlic"},"image":{"@id":"https:\/\/apipartlic.com\/en\/#\/schema\/logo\/image\/"},"sameAs":["https:\/\/www.facebook.com\/branka.partlic","https:\/\/www.facebook.com\/zlatko.partlic"]}]}},"_links":{"self":[{"href":"https:\/\/apipartlic.com\/en\/wp-json\/wp\/v2\/product\/13721","targetHints":{"allow":["GET"]}}],"collection":[{"href":"https:\/\/apipartlic.com\/en\/wp-json\/wp\/v2\/product"}],"about":[{"href":"https:\/\/apipartlic.com\/en\/wp-json\/wp\/v2\/types\/product"}],"wp:featuredmedia":[{"embeddable":true,"href":"https:\/\/apipartlic.com\/en\/wp-json\/wp\/v2\/media\/12408"}],"wp:attachment":[{"href":"https:\/\/apipartlic.com\/en\/wp-json\/wp\/v2\/media?parent=13721"}],"wp:term":[{"taxonomy":"product_brand","embeddable":true,"href":"https:\/\/apipartlic.com\/en\/wp-json\/wp\/v2\/product_brand?post=13721"},{"taxonomy":"product_cat","embeddable":true,"href":"https:\/\/apipartlic.com\/en\/wp-json\/wp\/v2\/product_cat?post=13721"},{"taxonomy":"product_tag","embeddable":true,"href":"https:\/\/apipartlic.com\/en\/wp-json\/wp\/v2\/product_tag?post=13721"}],"curies":[{"name":"wp","href":"https:\/\/api.w.org\/{rel}","templated":true}]}}