{"id":13629,"date":"2024-08-04T09:19:36","date_gmt":"2024-08-04T09:19:36","guid":{"rendered":"https:\/\/apipartlic.com\/?post_type=product&#038;p=13629"},"modified":"2025-01-16T07:45:13","modified_gmt":"2025-01-16T07:45:13","slug":"zacetni-tecaj-biodinamicnega-cebelarjenja","status":"publish","type":"product","link":"https:\/\/apipartlic.com\/en\/product\/zacetni-tecaj-biodinamicnega-cebelarjenja\/","title":{"rendered":"Za\u010detni te\u010daj biodinami\u010dnega \u010debelarjenja"},"content":{"rendered":"<p>Za\u010detni te\u010daj biodinami\u010dnega \u010debelarjenja smo\u00a0 \u017ee pri\u010deli, izjemoma je \u0161e mo\u017ena prijava v januarju.<\/p>\n<p>&nbsp;<\/p>\n<p>&nbsp;<\/p>\n","protected":false},"excerpt":{"rendered":"<p>Za\u010detni te\u010daj biodinami\u010dnega \u010debelarjenja smo\u00a0 \u017ee pri\u010deli, izjemoma je \u0161e mo\u017ena prijava v januarju. &nbsp; &nbsp;<\/p>\n","protected":false},"featured_media":12425,"template":"","meta":{"_monsterinsights_skip_tracking":false,"_monsterinsights_sitenote_active":false,"_monsterinsights_sitenote_note":"","_monsterinsights_sitenote_category":0,"site-sidebar-layout":"default","site-content-layout":"","ast-site-content-layout":"default","site-content-style":"default","site-sidebar-style":"default","ast-global-header-display":"","ast-banner-title-visibility":"","ast-main-header-display":"","ast-hfb-above-header-display":"","ast-hfb-below-header-display":"","ast-hfb-mobile-header-display":"","site-post-title":"","ast-breadcrumbs-content":"","ast-featured-img":"","footer-sml-layout":"","ast-disable-related-posts":"","theme-transparent-header-meta":"default","adv-header-id-meta":"","stick-header-meta":"","header-above-stick-meta":"","header-main-stick-meta":"","header-below-stick-meta":"","astra-migrate-meta-layouts":"set","ast-page-background-enabled":"default","ast-page-background-meta":{"desktop":{"background-color":"var(--ast-global-color-4)","background-image":"","background-repeat":"repeat","background-position":"center center","background-size":"auto","background-attachment":"scroll","background-type":"","background-media":"","overlay-type":"","overlay-color":"","overlay-opacity":"","overlay-gradient":""},"tablet":{"background-color":"","background-image":"","background-repeat":"repeat","background-position":"center center","background-size":"auto","background-attachment":"scroll","background-type":"","background-media":"","overlay-type":"","overlay-color":"","overlay-opacity":"","overlay-gradient":""},"mobile":{"background-color":"","background-image":"","background-repeat":"repeat","background-position":"center center","background-size":"auto","background-attachment":"scroll","background-type":"","background-media":"","overlay-type":"","overlay-color":"","overlay-opacity":"","overlay-gradient":""}},"ast-content-background-meta":{"desktop":{"background-color":"var(--ast-global-color-5)","background-image":"","background-repeat":"repeat","background-position":"center center","background-size":"auto","background-attachment":"scroll","background-type":"","background-media":"","overlay-type":"","overlay-color":"","overlay-opacity":"","overlay-gradient":""},"tablet":{"background-color":"var(--ast-global-color-5)","background-image":"","background-repeat":"repeat","background-position":"center center","background-size":"auto","background-attachment":"scroll","background-type":"","background-media":"","overlay-type":"","overlay-color":"","overlay-opacity":"","overlay-gradient":""},"mobile":{"background-color":"var(--ast-global-color-5)","background-image":"","background-repeat":"repeat","background-position":"center center","background-size":"auto","background-attachment":"scroll","background-type":"","background-media":"","overlay-type":"","overlay-color":"","overlay-opacity":"","overlay-gradient":""}}},"product_brand":[],"product_cat":[341],"product_tag":[],"class_list":{"0":"post-13629","1":"product","2":"type-product","3":"status-publish","4":"has-post-thumbnail","6":"product_cat-izobrazevanje","7":"desktop-align-center","8":"tablet-align-left","9":"mobile-align-left","11":"first","12":"instock","13":"virtual","14":"sold-individually","15":"purchasable","16":"product-type-course"},"yoast_head":"<!-- This site is optimized with the Yoast SEO plugin v27.3 - https:\/\/yoast.com\/product\/yoast-seo-wordpress\/ -->\n<title>Za\u010detni te\u010daj biodinami\u010dnega \u010debelarjenja | Svet \u010debelic in umetnosti<\/title>\n<meta name=\"description\" content=\"Za\u0107etni te\u010daj biodinami\u010dnega \u010debelarjenja, nesegreti med, biodinamika, Rudolf Steiner, \u010debelja samogradnja satja, rojilno razpolo\u017eenje\" \/>\n<meta name=\"robots\" content=\"index, follow, max-snippet:-1, max-image-preview:large, max-video-preview:-1\" \/>\n<link rel=\"canonical\" href=\"https:\/\/apipartlic.com\/en\/product\/zacetni-tecaj-biodinamicnega-cebelarjenja\/\" \/>\n<meta property=\"og:locale\" content=\"en_US\" \/>\n<meta property=\"og:type\" content=\"article\" \/>\n<meta property=\"og:title\" content=\"Za\u010detni te\u010daj biodinami\u010dnega \u010debelarjenja | Svet \u010debelic in umetnosti\" \/>\n<meta property=\"og:description\" content=\"Za\u0107etni te\u010daj biodinami\u010dnega \u010debelarjenja, nesegreti med, biodinamika, Rudolf Steiner, \u010debelja samogradnja satja, rojilno razpolo\u017eenje\" \/>\n<meta property=\"og:url\" content=\"https:\/\/apipartlic.com\/en\/product\/zacetni-tecaj-biodinamicnega-cebelarjenja\/\" \/>\n<meta property=\"og:site_name\" content=\"Svet \u010debelic in umetnosti\" \/>\n<meta property=\"article:publisher\" content=\"https:\/\/www.facebook.com\/branka.partlic\" \/>\n<meta property=\"article:modified_time\" content=\"2025-01-16T07:45:13+00:00\" \/>\n<meta property=\"og:image\" content=\"https:\/\/apipartlic.com\/wp-content\/uploads\/2023\/12\/UVODNA-SLIKA-PRISTAJALNA.png\" \/>\n\t<meta property=\"og:image:width\" content=\"1750\" \/>\n\t<meta property=\"og:image:height\" content=\"700\" \/>\n\t<meta property=\"og:image:type\" content=\"image\/png\" \/>\n<meta name=\"twitter:card\" content=\"summary_large_image\" \/>\n<script type=\"application\/ld+json\" class=\"yoast-schema-graph\">{\"@context\":\"https:\\\/\\\/schema.org\",\"@graph\":[{\"@type\":\"WebPage\",\"@id\":\"https:\\\/\\\/apipartlic.com\\\/en\\\/product\\\/zacetni-tecaj-biodinamicnega-cebelarjenja\\\/\",\"url\":\"https:\\\/\\\/apipartlic.com\\\/en\\\/product\\\/zacetni-tecaj-biodinamicnega-cebelarjenja\\\/\",\"name\":\"Za\u010detni te\u010daj biodinami\u010dnega \u010debelarjenja | Svet \u010debelic in umetnosti\",\"isPartOf\":{\"@id\":\"https:\\\/\\\/apipartlic.com\\\/en\\\/#website\"},\"primaryImageOfPage\":{\"@id\":\"https:\\\/\\\/apipartlic.com\\\/en\\\/product\\\/zacetni-tecaj-biodinamicnega-cebelarjenja\\\/#primaryimage\"},\"image\":{\"@id\":\"https:\\\/\\\/apipartlic.com\\\/en\\\/product\\\/zacetni-tecaj-biodinamicnega-cebelarjenja\\\/#primaryimage\"},\"thumbnailUrl\":\"https:\\\/\\\/apipartlic.com\\\/wp-content\\\/uploads\\\/2023\\\/12\\\/UVODNA-SLIKA-PRISTAJALNA.png\",\"datePublished\":\"2024-08-04T09:19:36+00:00\",\"dateModified\":\"2025-01-16T07:45:13+00:00\",\"description\":\"Za\u0107etni te\u010daj biodinami\u010dnega \u010debelarjenja, nesegreti med, biodinamika, Rudolf Steiner, \u010debelja samogradnja satja, rojilno razpolo\u017eenje\",\"breadcrumb\":{\"@id\":\"https:\\\/\\\/apipartlic.com\\\/en\\\/product\\\/zacetni-tecaj-biodinamicnega-cebelarjenja\\\/#breadcrumb\"},\"inLanguage\":\"en-US\",\"potentialAction\":[{\"@type\":\"ReadAction\",\"target\":[\"https:\\\/\\\/apipartlic.com\\\/en\\\/product\\\/zacetni-tecaj-biodinamicnega-cebelarjenja\\\/\"]}]},{\"@type\":\"ImageObject\",\"inLanguage\":\"en-US\",\"@id\":\"https:\\\/\\\/apipartlic.com\\\/en\\\/product\\\/zacetni-tecaj-biodinamicnega-cebelarjenja\\\/#primaryimage\",\"url\":\"https:\\\/\\\/apipartlic.com\\\/wp-content\\\/uploads\\\/2023\\\/12\\\/UVODNA-SLIKA-PRISTAJALNA.png\",\"contentUrl\":\"https:\\\/\\\/apipartlic.com\\\/wp-content\\\/uploads\\\/2023\\\/12\\\/UVODNA-SLIKA-PRISTAJALNA.png\",\"width\":1750,\"height\":700},{\"@type\":\"BreadcrumbList\",\"@id\":\"https:\\\/\\\/apipartlic.com\\\/en\\\/product\\\/zacetni-tecaj-biodinamicnega-cebelarjenja\\\/#breadcrumb\",\"itemListElement\":[{\"@type\":\"ListItem\",\"position\":1,\"name\":\"Domov\",\"item\":\"https:\\\/\\\/apipartlic.com\\\/en\\\/\"},{\"@type\":\"ListItem\",\"position\":2,\"name\":\"Shop\",\"item\":\"https:\\\/\\\/apipartlic.com\\\/en\\\/shop\\\/\"},{\"@type\":\"ListItem\",\"position\":3,\"name\":\"Za\u010detni te\u010daj biodinami\u010dnega \u010debelarjenja\"}]},{\"@type\":\"WebSite\",\"@id\":\"https:\\\/\\\/apipartlic.com\\\/en\\\/#website\",\"url\":\"https:\\\/\\\/apipartlic.com\\\/en\\\/\",\"name\":\"api partlic\",\"description\":\"sedmerokraka zvezda\",\"publisher\":{\"@id\":\"https:\\\/\\\/apipartlic.com\\\/en\\\/#organization\"},\"alternateName\":\"\u010debelarstvo in slikarstvo\",\"potentialAction\":[{\"@type\":\"SearchAction\",\"target\":{\"@type\":\"EntryPoint\",\"urlTemplate\":\"https:\\\/\\\/apipartlic.com\\\/en\\\/?s={search_term_string}\"},\"query-input\":{\"@type\":\"PropertyValueSpecification\",\"valueRequired\":true,\"valueName\":\"search_term_string\"}}],\"inLanguage\":\"en-US\"},{\"@type\":\"Organization\",\"@id\":\"https:\\\/\\\/apipartlic.com\\\/en\\\/#organization\",\"name\":\"api partlic\",\"url\":\"https:\\\/\\\/apipartlic.com\\\/en\\\/\",\"logo\":{\"@type\":\"ImageObject\",\"inLanguage\":\"en-US\",\"@id\":\"https:\\\/\\\/apipartlic.com\\\/en\\\/#\\\/schema\\\/logo\\\/image\\\/\",\"url\":\"https:\\\/\\\/apipartlic.com\\\/wp-content\\\/uploads\\\/2023\\\/03\\\/Logo-8.3.2023-1.png\",\"contentUrl\":\"https:\\\/\\\/apipartlic.com\\\/wp-content\\\/uploads\\\/2023\\\/03\\\/Logo-8.3.2023-1.png\",\"width\":440,\"height\":154,\"caption\":\"api partlic\"},\"image\":{\"@id\":\"https:\\\/\\\/apipartlic.com\\\/en\\\/#\\\/schema\\\/logo\\\/image\\\/\"},\"sameAs\":[\"https:\\\/\\\/www.facebook.com\\\/branka.partlic\",\"https:\\\/\\\/www.facebook.com\\\/zlatko.partlic\"]}]}<\/script>\n<!-- \/ Yoast SEO plugin. -->","yoast_head_json":{"title":"Za\u010detni te\u010daj biodinami\u010dnega \u010debelarjenja | Svet \u010debelic in umetnosti","description":"Za\u0107etni te\u010daj biodinami\u010dnega \u010debelarjenja, nesegreti med, biodinamika, Rudolf Steiner, \u010debelja samogradnja satja, rojilno razpolo\u017eenje","robots":{"index":"index","follow":"follow","max-snippet":"max-snippet:-1","max-image-preview":"max-image-preview:large","max-video-preview":"max-video-preview:-1"},"canonical":"https:\/\/apipartlic.com\/en\/product\/zacetni-tecaj-biodinamicnega-cebelarjenja\/","og_locale":"en_US","og_type":"article","og_title":"Za\u010detni te\u010daj biodinami\u010dnega \u010debelarjenja | Svet \u010debelic in umetnosti","og_description":"Za\u0107etni te\u010daj biodinami\u010dnega \u010debelarjenja, nesegreti med, biodinamika, Rudolf Steiner, \u010debelja samogradnja satja, rojilno razpolo\u017eenje","og_url":"https:\/\/apipartlic.com\/en\/product\/zacetni-tecaj-biodinamicnega-cebelarjenja\/","og_site_name":"Svet \u010debelic in umetnosti","article_publisher":"https:\/\/www.facebook.com\/branka.partlic","article_modified_time":"2025-01-16T07:45:13+00:00","og_image":[{"width":1750,"height":700,"url":"https:\/\/apipartlic.com\/wp-content\/uploads\/2023\/12\/UVODNA-SLIKA-PRISTAJALNA.png","type":"image\/png"}],"twitter_card":"summary_large_image","schema":{"@context":"https:\/\/schema.org","@graph":[{"@type":"WebPage","@id":"https:\/\/apipartlic.com\/en\/product\/zacetni-tecaj-biodinamicnega-cebelarjenja\/","url":"https:\/\/apipartlic.com\/en\/product\/zacetni-tecaj-biodinamicnega-cebelarjenja\/","name":"Za\u010detni te\u010daj biodinami\u010dnega \u010debelarjenja | Svet \u010debelic in umetnosti","isPartOf":{"@id":"https:\/\/apipartlic.com\/en\/#website"},"primaryImageOfPage":{"@id":"https:\/\/apipartlic.com\/en\/product\/zacetni-tecaj-biodinamicnega-cebelarjenja\/#primaryimage"},"image":{"@id":"https:\/\/apipartlic.com\/en\/product\/zacetni-tecaj-biodinamicnega-cebelarjenja\/#primaryimage"},"thumbnailUrl":"https:\/\/apipartlic.com\/wp-content\/uploads\/2023\/12\/UVODNA-SLIKA-PRISTAJALNA.png","datePublished":"2024-08-04T09:19:36+00:00","dateModified":"2025-01-16T07:45:13+00:00","description":"Za\u0107etni te\u010daj biodinami\u010dnega \u010debelarjenja, nesegreti med, biodinamika, Rudolf Steiner, \u010debelja samogradnja satja, rojilno razpolo\u017eenje","breadcrumb":{"@id":"https:\/\/apipartlic.com\/en\/product\/zacetni-tecaj-biodinamicnega-cebelarjenja\/#breadcrumb"},"inLanguage":"en-US","potentialAction":[{"@type":"ReadAction","target":["https:\/\/apipartlic.com\/en\/product\/zacetni-tecaj-biodinamicnega-cebelarjenja\/"]}]},{"@type":"ImageObject","inLanguage":"en-US","@id":"https:\/\/apipartlic.com\/en\/product\/zacetni-tecaj-biodinamicnega-cebelarjenja\/#primaryimage","url":"https:\/\/apipartlic.com\/wp-content\/uploads\/2023\/12\/UVODNA-SLIKA-PRISTAJALNA.png","contentUrl":"https:\/\/apipartlic.com\/wp-content\/uploads\/2023\/12\/UVODNA-SLIKA-PRISTAJALNA.png","width":1750,"height":700},{"@type":"BreadcrumbList","@id":"https:\/\/apipartlic.com\/en\/product\/zacetni-tecaj-biodinamicnega-cebelarjenja\/#breadcrumb","itemListElement":[{"@type":"ListItem","position":1,"name":"Domov","item":"https:\/\/apipartlic.com\/en\/"},{"@type":"ListItem","position":2,"name":"Shop","item":"https:\/\/apipartlic.com\/en\/shop\/"},{"@type":"ListItem","position":3,"name":"Za\u010detni te\u010daj biodinami\u010dnega \u010debelarjenja"}]},{"@type":"WebSite","@id":"https:\/\/apipartlic.com\/en\/#website","url":"https:\/\/apipartlic.com\/en\/","name":"api partlic","description":"sedmerokraka zvezda","publisher":{"@id":"https:\/\/apipartlic.com\/en\/#organization"},"alternateName":"\u010debelarstvo in slikarstvo","potentialAction":[{"@type":"SearchAction","target":{"@type":"EntryPoint","urlTemplate":"https:\/\/apipartlic.com\/en\/?s={search_term_string}"},"query-input":{"@type":"PropertyValueSpecification","valueRequired":true,"valueName":"search_term_string"}}],"inLanguage":"en-US"},{"@type":"Organization","@id":"https:\/\/apipartlic.com\/en\/#organization","name":"api partlic","url":"https:\/\/apipartlic.com\/en\/","logo":{"@type":"ImageObject","inLanguage":"en-US","@id":"https:\/\/apipartlic.com\/en\/#\/schema\/logo\/image\/","url":"https:\/\/apipartlic.com\/wp-content\/uploads\/2023\/03\/Logo-8.3.2023-1.png","contentUrl":"https:\/\/apipartlic.com\/wp-content\/uploads\/2023\/03\/Logo-8.3.2023-1.png","width":440,"height":154,"caption":"api partlic"},"image":{"@id":"https:\/\/apipartlic.com\/en\/#\/schema\/logo\/image\/"},"sameAs":["https:\/\/www.facebook.com\/branka.partlic","https:\/\/www.facebook.com\/zlatko.partlic"]}]}},"_links":{"self":[{"href":"https:\/\/apipartlic.com\/en\/wp-json\/wp\/v2\/product\/13629","targetHints":{"allow":["GET"]}}],"collection":[{"href":"https:\/\/apipartlic.com\/en\/wp-json\/wp\/v2\/product"}],"about":[{"href":"https:\/\/apipartlic.com\/en\/wp-json\/wp\/v2\/types\/product"}],"wp:featuredmedia":[{"embeddable":true,"href":"https:\/\/apipartlic.com\/en\/wp-json\/wp\/v2\/media\/12425"}],"wp:attachment":[{"href":"https:\/\/apipartlic.com\/en\/wp-json\/wp\/v2\/media?parent=13629"}],"wp:term":[{"taxonomy":"product_brand","embeddable":true,"href":"https:\/\/apipartlic.com\/en\/wp-json\/wp\/v2\/product_brand?post=13629"},{"taxonomy":"product_cat","embeddable":true,"href":"https:\/\/apipartlic.com\/en\/wp-json\/wp\/v2\/product_cat?post=13629"},{"taxonomy":"product_tag","embeddable":true,"href":"https:\/\/apipartlic.com\/en\/wp-json\/wp\/v2\/product_tag?post=13629"}],"curies":[{"name":"wp","href":"https:\/\/api.w.org\/{rel}","templated":true}]}}